{"id":23231,"date":"2022-07-29T11:25:00","date_gmt":"2022-07-29T09:25:00","guid":{"rendered":"https:\/\/walliserhof.mls-test.ch\/?page_id=23231"},"modified":"2022-07-29T14:24:10","modified_gmt":"2022-07-29T12:24:10","slug":"agb","status":"publish","type":"page","link":"https:\/\/walliserhof.ch\/it\/agb\/","title":{"rendered":"AGB"},"content":{"rendered":"<p>[et_pb_section fb_built=&#8221;1&#8243; custom_padding_last_edited=&#8221;on|desktop&#8221; _builder_version=&#8221;4.17.4&#8243; use_background_color_gradient=&#8221;on&#8221; background_color_gradient_stops=&#8221;rgba(80,84,86,0.4) 0%|rgba(80,84,86,0.4) 100%&#8221; background_color_gradient_overlays_image=&#8221;on&#8221; background_color_gradient_start=&#8221;rgba(80,84,86,0.4)&#8221; background_color_gradient_end=&#8221;rgba(80,84,86,0.4)&#8221; background_image=&#8221;https:\/\/walliserhof.ch\/wp-content\/uploads\/hotel.avif&#8221; custom_margin=&#8221;||||false|false&#8221; custom_margin_tablet=&#8221;|3vh||3vh|false|true&#8221; custom_margin_phone=&#8221;|2vh||2vh|false|true&#8221; custom_margin_last_edited=&#8221;off|desktop&#8221; custom_padding=&#8221;240px|0px|240px|0px|true|false&#8221; custom_padding_tablet=&#8221;200px||200px||true|false&#8221; custom_padding_phone=&#8221;160px||160px||true|false&#8221; animation_style=&#8221;zoom&#8221; animation_delay=&#8221;500ms&#8221; global_colors_info=&#8221;{}&#8221;][et_pb_row _builder_version=&#8221;4.17.4&#8243; _module_preset=&#8221;default&#8221; height=&#8221;100%&#8221; custom_padding=&#8221;0px||0px|||&#8221; global_colors_info=&#8221;{}&#8221;][et_pb_column type=&#8221;4_4&#8243; _builder_version=&#8221;4.17.4&#8243; _module_preset=&#8221;default&#8221; global_colors_info=&#8221;{}&#8221;][et_pb_text _builder_version=&#8221;4.17.6&#8243; _module_preset=&#8221;default&#8221; header_font=&#8221;|700||on|||||&#8221; header_text_align=&#8221;center&#8221; header_text_color=&#8221;#FFFFFF&#8221; header_font_size=&#8221;60px&#8221; custom_margin=&#8221;0px||0px||false|false&#8221; custom_padding=&#8221;0px||0px||false|false&#8221; hover_enabled=&#8221;0&#8243; header_text_align_tablet=&#8221;center&#8221; header_text_align_phone=&#8221;left&#8221; header_text_align_last_edited=&#8221;on|phone&#8221; header_font_size_tablet=&#8221;46px&#8221; header_font_size_phone=&#8221;22px&#8221; header_font_size_last_edited=&#8221;on|desktop&#8221; header_text_shadow_style=&#8221;preset1&#8243; header_text_shadow_vertical_length=&#8221;1px&#8221; header_text_shadow_blur_strength=&#8221;3px&#8221; header_text_shadow_color=&#8221;rgba(0,0,0,0.3)&#8221; global_colors_info=&#8221;{}&#8221; sticky_enabled=&#8221;0&#8243;]<\/p>\n<h1>AGB<\/h1>\n<p>[\/et_pb_text][\/et_pb_column][\/et_pb_row][\/et_pb_section][et_pb_section fb_built=&#8221;1&#8243; custom_padding_last_edited=&#8221;on|phone&#8221; _builder_version=&#8221;4.17.4&#8243; custom_margin=&#8221;|4vh||4vh|false|false&#8221; custom_margin_tablet=&#8221;|3vh||3vh|false|true&#8221; custom_margin_phone=&#8221;|2vh||2vh|false|true&#8221; custom_margin_last_edited=&#8221;on|phone&#8221; custom_padding=&#8221;140px|0px|0px|0px|false|false&#8221; custom_padding_tablet=&#8221;100px||0px||false|false&#8221; custom_padding_phone=&#8221;60px||0px||false|false&#8221; global_colors_info=&#8221;{}&#8221;][et_pb_row _builder_version=&#8221;4.17.4&#8243; _module_preset=&#8221;default&#8221; custom_margin=&#8221;0px||0px||false|false&#8221; custom_padding=&#8221;0px||0px||false|false&#8221; animation_style=&#8221;zoom&#8221; global_colors_info=&#8221;{}&#8221;][et_pb_column type=&#8221;4_4&#8243; _builder_version=&#8221;4.17.4&#8243; _module_preset=&#8221;default&#8221; global_colors_info=&#8221;{}&#8221;][et_pb_text _builder_version=&#8221;4.17.6&#8243; _module_preset=&#8221;default&#8221; text_font=&#8221;|300|||||||&#8221; text_font_size=&#8221;18px&#8221; header_3_font=&#8221;|700||on|||||&#8221; header_3_text_align=&#8221;left&#8221; header_3_text_color=&#8221;#0080C9&#8243; header_3_font_size=&#8221;36px&#8221; hover_enabled=&#8221;0&#8243; text_font_size_tablet=&#8221;17px&#8221; text_font_size_phone=&#8221;16px&#8221; text_font_size_last_edited=&#8221;on|phone&#8221; header_3_font_size_tablet=&#8221;28px&#8221; header_3_font_size_phone=&#8221;20px&#8221; header_3_font_size_last_edited=&#8221;on|desktop&#8221; global_colors_info=&#8221;{}&#8221; sticky_enabled=&#8221;0&#8243;]<\/p>\n<h3>1. Termini e condizioni generali<\/h3>\n<p>I presenti termini e condizioni generali si applicano alla vostra prenotazione nella nostra casa. Per richieste particolari come conferenze, eventi o prenotazioni di gruppo, vi consigliamo di contattarci direttamente via e-mail o telefono.<\/p>\n<h3>2. Prenotazione<\/h3>\n<p>Qualsiasi prenotazione alberghiera effettuata tramite questo modulo sar\u00e0 effettuata direttamente con il nostro hotel senza alcun intermediario.<\/p>\n<h3>3. Contratto di soggiorno e pagamento<\/h3>\n<p>a) Il contratto di alloggio viene stipulato direttamente tra il cliente e il nostro hotel durante la prenotazione. Pagherete la tariffa della camera confermata da noi direttamente in hotel. Tutti i diritti e gli obblighi derivanti dal contratto di alloggio esistono direttamente ed esclusivamente tra la persona che effettua la prenotazione e il nostro hotel.<\/p>\n<p>b) La prenotazione della camera viene effettuata tramite la conferma di prenotazione, che viene inviata al prenotante via e-mail. Tuttavia, a causa di incertezze tecniche, il sistema di prenotazione non pu\u00f2 verificare la ricezione della conferma quando viene inviata per e-mail. Se non si riceve una conferma entro 3 giorni, controllare la cartella spam o contattarci direttamente.<\/p>\n<p>c) Il pagamento deve essere effettuato in loco (in contanti, carta di credito, Postcard o Maestro) prima della partenza. In caso di mancato arrivo e di mancata cancellazione in tempo utile, ci riserviamo il diritto di addebitare il 100% dei costi di soggiorno. In caso di mancato pagamento dei servizi utilizzati o della fattura di mancata presentazione, trasmetteremo qualsiasi reclamo al nostro avvocato, che perseguir\u00e0 ulteriori rimedi legali.<\/p>\n<h3>4. Tipo di prenotazione<\/h3>\n<p>La prenotazione garantita sar\u00e0 mantenuta dall&#8217;hotel per tutta la notte. In caso di cancellazione tardiva o di mancata presentazione, l&#8217;hotel pu\u00f2 addebitare le spese di soggiorno.<\/p>\n<h3>5. Modifiche e cancellazioni<\/h3>\n<p>a) Modifiche alle prenotazioni: Per evitare malintesi, tutte le modifiche devono essere effettuate per telefono o via e-mail. L&#8217;arrivo della notifica presso il nostro hotel \u00e8 determinante per la tempestivit\u00e0 della modifica. \u00c8 importante comunicare eventuali modifiche (numero di persone, ecc.) in ogni caso prima dell&#8217;arrivo.<\/p>\n<p>b) Cancellazione delle prenotazioni: La cancellazione di una prenotazione effettuata \u00e8 legalmente valida solo se effettuata per iscritto, tramite e-mail o lettera, e se reca una firma legalmente valida del cliente che ha effettuato la prenotazione. La cancellazione \u00e8 valida solo se riconosciuta dall&#8217;hotel.<\/p>\n<p>In caso di cancellazione o modifica, l&#8217;hotel pu\u00f2 addebitare la vostra carta di credito.<\/p>\n<h3>6. Tariffe di camera concordate contrattualmente<\/h3>\n<p>Di norma, i prezzi includono il costo del servizio e l&#8217;IVA di legge. L&#8217;importo delle tasse aggiuntive \u00e8 soggetto a continue modifiche e pu\u00f2 quindi essere indicato solo senza impegno.<\/p>\n<h3>7. Protezione dei dati<\/h3>\n<p>I dati inseriti dal cliente vengono elaborati elettronicamente dal sistema di prenotazione. Questi dati vengono trasmessi solo nella misura necessaria per la prenotazione. Non sar\u00e0 trasmessa per altri scopi. Per il resto, nella raccolta dei dati vengono rispettate le norme di legge sulla protezione dei dati.<\/p>\n<h3>8. Varie<\/h3>\n<p>Tutte le informazioni sono state compilate con la massima cura. Tuttavia, non si assume alcuna responsabilit\u00e0 per eventuali errori nell&#8217;inserimento o nella trasmissione dei dati. Il trasferimento dei dati ad altri supporti, compresi gli estratti, o l&#8217;utilizzo per scopi diversi da quelli qui previsti \u00e8 consentito solo con l&#8217;espressa autorizzazione dell&#8217;hotel. Si applica la legge del domicilio del rispettivo hotel. Il luogo di esecuzione \u00e8 anche il domicilio dell&#8217;albergo.<\/p>\n<p>La categoria della camera \u00e8 sempre calcolata in base al numero di persone paganti.<\/p>\n<h3>Condizioni generali di prenotazione e cancellazione dell&#8217;hotel<\/h3>\n<p>Le cancellazioni fino a 14 giorni prima dell&#8217;arrivo sono accettate senza alcun addebito.<br \/>Cancellazioni 13 &#8211; 00 giorni prima dell&#8217;arrivo 100 % del prezzo totale.<br \/>Importante: cancellazione delle prenotazioni: La cancellazione di una prenotazione effettuata \u00e8 legalmente valida solo se effettuata per iscritto, tramite e-mail o lettera e con una firma legalmente valida del cliente prenotante. La cancellazione \u00e8 valida solo se riconosciuta dall&#8217;hotel.<\/p>\n<p>[\/et_pb_text][\/et_pb_column][\/et_pb_row][\/et_pb_section]<\/p>\n","protected":false},"excerpt":{"rendered":"<p>AGB1. Termini e condizioni generali I presenti termini e condizioni generali si applicano alla vostra prenotazione nella nostra casa. Per richieste particolari come conferenze, eventi o prenotazioni di gruppo, vi consigliamo di contattarci direttamente via e-mail o telefono. 2. Prenotazione Qualsiasi prenotazione alberghiera effettuata tramite questo modulo sar\u00e0 effettuata direttamente con il nostro hotel senza alcun intermediario. 3. Contratto di soggiorno e pagamento a) Il contratto di alloggio viene stipulato direttamente tra il cliente e il nostro hotel durante la prenotazione. Pagherete la tariffa della camera confermata da noi direttamente in hotel. Tutti i diritti e gli obblighi derivanti dal contratto di alloggio esistono direttamente ed esclusivamente tra la persona che effettua la prenotazione e il nostro hotel. b) La prenotazione della camera viene effettuata tramite la conferma di prenotazione, che viene inviata al prenotante via e-mail. Tuttavia, a causa di incertezze tecniche, il sistema di prenotazione non pu\u00f2 verificare la ricezione della conferma quando viene inviata per e-mail. Se non si riceve una conferma entro 3 giorni, controllare la cartella spam o contattarci direttamente. c) Il pagamento deve essere effettuato in loco (in contanti, carta di credito, Postcard o Maestro) prima della partenza. In caso di mancato arrivo e [&hellip;]<\/p>\n","protected":false},"author":1,"featured_media":0,"parent":0,"menu_order":0,"comment_status":"closed","ping_status":"closed","template":"","meta":{"_et_pb_use_builder":"on","_et_pb_old_content":"","_et_gb_content_width":"","footnotes":""},"class_list":["post-23231","page","type-page","status-publish","hentry"],"yoast_head":"<!-- This site is optimized with the Yoast SEO plugin v26.8 - https:\/\/yoast.com\/product\/yoast-seo-wordpress\/ -->\n<title>AGB - Hotel Walliserhof Leukerbad<\/title>\n<meta name=\"robots\" content=\"index, follow, max-snippet:-1, max-image-preview:large, max-video-preview:-1\" \/>\n<link rel=\"canonical\" href=\"https:\/\/walliserhof.ch\/it\/agb\/\" \/>\n<meta property=\"og:locale\" content=\"it_IT\" \/>\n<meta property=\"og:type\" content=\"article\" \/>\n<meta property=\"og:title\" content=\"AGB - Hotel Walliserhof Leukerbad\" \/>\n<meta property=\"og:description\" content=\"AGB1. Termini e condizioni generali I presenti termini e condizioni generali si applicano alla vostra prenotazione nella nostra casa. Per richieste particolari come conferenze, eventi o prenotazioni di gruppo, vi consigliamo di contattarci direttamente via e-mail o telefono. 2. Prenotazione Qualsiasi prenotazione alberghiera effettuata tramite questo modulo sar\u00e0 effettuata direttamente con il nostro hotel senza alcun intermediario. 3. Contratto di soggiorno e pagamento a) Il contratto di alloggio viene stipulato direttamente tra il cliente e il nostro hotel durante la prenotazione. Pagherete la tariffa della camera confermata da noi direttamente in hotel. Tutti i diritti e gli obblighi derivanti dal contratto di alloggio esistono direttamente ed esclusivamente tra la persona che effettua la prenotazione e il nostro hotel. b) La prenotazione della camera viene effettuata tramite la conferma di prenotazione, che viene inviata al prenotante via e-mail. Tuttavia, a causa di incertezze tecniche, il sistema di prenotazione non pu\u00f2 verificare la ricezione della conferma quando viene inviata per e-mail. Se non si riceve una conferma entro 3 giorni, controllare la cartella spam o contattarci direttamente. c) Il pagamento deve essere effettuato in loco (in contanti, carta di credito, Postcard o Maestro) prima della partenza. In caso di mancato arrivo e [&hellip;]\" \/>\n<meta property=\"og:url\" content=\"https:\/\/walliserhof.ch\/it\/agb\/\" \/>\n<meta property=\"og:site_name\" content=\"Hotel Walliserhof Leukerbad\" \/>\n<meta property=\"article:modified_time\" content=\"2022-07-29T12:24:10+00:00\" \/>\n<meta name=\"twitter:card\" content=\"summary_large_image\" \/>\n<meta name=\"twitter:label1\" content=\"Tempo di lettura stimato\" \/>\n\t<meta name=\"twitter:data1\" content=\"5 minuti\" \/>\n<script type=\"application\/ld+json\" class=\"yoast-schema-graph\">{\"@context\":\"https:\/\/schema.org\",\"@graph\":[{\"@type\":\"WebPage\",\"@id\":\"https:\/\/walliserhof.ch\/it\/agb\/\",\"url\":\"https:\/\/walliserhof.ch\/it\/agb\/\",\"name\":\"AGB - Hotel Walliserhof Leukerbad\",\"isPartOf\":{\"@id\":\"https:\/\/walliserhof.ch\/#website\"},\"datePublished\":\"2022-07-29T09:25:00+00:00\",\"dateModified\":\"2022-07-29T12:24:10+00:00\",\"breadcrumb\":{\"@id\":\"https:\/\/walliserhof.ch\/it\/agb\/#breadcrumb\"},\"inLanguage\":\"it-IT\",\"potentialAction\":[{\"@type\":\"ReadAction\",\"target\":[\"https:\/\/walliserhof.ch\/it\/agb\/\"]}]},{\"@type\":\"BreadcrumbList\",\"@id\":\"https:\/\/walliserhof.ch\/it\/agb\/#breadcrumb\",\"itemListElement\":[{\"@type\":\"ListItem\",\"position\":1,\"name\":\"Startseite\",\"item\":\"https:\/\/walliserhof.ch\/it\/\"},{\"@type\":\"ListItem\",\"position\":2,\"name\":\"AGB\"}]},{\"@type\":\"WebSite\",\"@id\":\"https:\/\/walliserhof.ch\/#website\",\"url\":\"https:\/\/walliserhof.ch\/\",\"name\":\"Hotel Walliserhof Leukerbad\",\"description\":\"Zimmer mieten im Walliserhof Leukerbad\",\"publisher\":{\"@id\":\"https:\/\/walliserhof.ch\/#organization\"},\"potentialAction\":[{\"@type\":\"SearchAction\",\"target\":{\"@type\":\"EntryPoint\",\"urlTemplate\":\"https:\/\/walliserhof.ch\/?s={search_term_string}\"},\"query-input\":{\"@type\":\"PropertyValueSpecification\",\"valueRequired\":true,\"valueName\":\"search_term_string\"}}],\"inLanguage\":\"it-IT\"},{\"@type\":\"Organization\",\"@id\":\"https:\/\/walliserhof.ch\/#organization\",\"name\":\"Hotel Walliserhof Leukerbad\",\"url\":\"https:\/\/walliserhof.ch\/\",\"logo\":{\"@type\":\"ImageObject\",\"inLanguage\":\"it-IT\",\"@id\":\"https:\/\/walliserhof.ch\/#\/schema\/logo\/image\/\",\"url\":\"https:\/\/walliserhof.ch\/wp-content\/uploads\/logo.png\",\"contentUrl\":\"https:\/\/walliserhof.ch\/wp-content\/uploads\/logo.png\",\"width\":1836,\"height\":1228,\"caption\":\"Hotel Walliserhof Leukerbad\"},\"image\":{\"@id\":\"https:\/\/walliserhof.ch\/#\/schema\/logo\/image\/\"}}]}<\/script>\n<!-- \/ Yoast SEO plugin. -->","yoast_head_json":{"title":"AGB - Hotel Walliserhof Leukerbad","robots":{"index":"index","follow":"follow","max-snippet":"max-snippet:-1","max-image-preview":"max-image-preview:large","max-video-preview":"max-video-preview:-1"},"canonical":"https:\/\/walliserhof.ch\/it\/agb\/","og_locale":"it_IT","og_type":"article","og_title":"AGB - Hotel Walliserhof Leukerbad","og_description":"AGB1. Termini e condizioni generali I presenti termini e condizioni generali si applicano alla vostra prenotazione nella nostra casa. Per richieste particolari come conferenze, eventi o prenotazioni di gruppo, vi consigliamo di contattarci direttamente via e-mail o telefono. 2. Prenotazione Qualsiasi prenotazione alberghiera effettuata tramite questo modulo sar\u00e0 effettuata direttamente con il nostro hotel senza alcun intermediario. 3. Contratto di soggiorno e pagamento a) Il contratto di alloggio viene stipulato direttamente tra il cliente e il nostro hotel durante la prenotazione. Pagherete la tariffa della camera confermata da noi direttamente in hotel. Tutti i diritti e gli obblighi derivanti dal contratto di alloggio esistono direttamente ed esclusivamente tra la persona che effettua la prenotazione e il nostro hotel. b) La prenotazione della camera viene effettuata tramite la conferma di prenotazione, che viene inviata al prenotante via e-mail. Tuttavia, a causa di incertezze tecniche, il sistema di prenotazione non pu\u00f2 verificare la ricezione della conferma quando viene inviata per e-mail. Se non si riceve una conferma entro 3 giorni, controllare la cartella spam o contattarci direttamente. c) Il pagamento deve essere effettuato in loco (in contanti, carta di credito, Postcard o Maestro) prima della partenza. In caso di mancato arrivo e [&hellip;]","og_url":"https:\/\/walliserhof.ch\/it\/agb\/","og_site_name":"Hotel Walliserhof Leukerbad","article_modified_time":"2022-07-29T12:24:10+00:00","twitter_card":"summary_large_image","twitter_misc":{"Tempo di lettura stimato":"5 minuti"},"schema":{"@context":"https:\/\/schema.org","@graph":[{"@type":"WebPage","@id":"https:\/\/walliserhof.ch\/it\/agb\/","url":"https:\/\/walliserhof.ch\/it\/agb\/","name":"AGB - Hotel Walliserhof Leukerbad","isPartOf":{"@id":"https:\/\/walliserhof.ch\/#website"},"datePublished":"2022-07-29T09:25:00+00:00","dateModified":"2022-07-29T12:24:10+00:00","breadcrumb":{"@id":"https:\/\/walliserhof.ch\/it\/agb\/#breadcrumb"},"inLanguage":"it-IT","potentialAction":[{"@type":"ReadAction","target":["https:\/\/walliserhof.ch\/it\/agb\/"]}]},{"@type":"BreadcrumbList","@id":"https:\/\/walliserhof.ch\/it\/agb\/#breadcrumb","itemListElement":[{"@type":"ListItem","position":1,"name":"Startseite","item":"https:\/\/walliserhof.ch\/it\/"},{"@type":"ListItem","position":2,"name":"AGB"}]},{"@type":"WebSite","@id":"https:\/\/walliserhof.ch\/#website","url":"https:\/\/walliserhof.ch\/","name":"Hotel Walliserhof Leukerbad","description":"Zimmer mieten im Walliserhof Leukerbad","publisher":{"@id":"https:\/\/walliserhof.ch\/#organization"},"potentialAction":[{"@type":"SearchAction","target":{"@type":"EntryPoint","urlTemplate":"https:\/\/walliserhof.ch\/?s={search_term_string}"},"query-input":{"@type":"PropertyValueSpecification","valueRequired":true,"valueName":"search_term_string"}}],"inLanguage":"it-IT"},{"@type":"Organization","@id":"https:\/\/walliserhof.ch\/#organization","name":"Hotel Walliserhof Leukerbad","url":"https:\/\/walliserhof.ch\/","logo":{"@type":"ImageObject","inLanguage":"it-IT","@id":"https:\/\/walliserhof.ch\/#\/schema\/logo\/image\/","url":"https:\/\/walliserhof.ch\/wp-content\/uploads\/logo.png","contentUrl":"https:\/\/walliserhof.ch\/wp-content\/uploads\/logo.png","width":1836,"height":1228,"caption":"Hotel Walliserhof Leukerbad"},"image":{"@id":"https:\/\/walliserhof.ch\/#\/schema\/logo\/image\/"}}]}},"_links":{"self":[{"href":"https:\/\/walliserhof.ch\/it\/wp-json\/wp\/v2\/pages\/23231","targetHints":{"allow":["GET"]}}],"collection":[{"href":"https:\/\/walliserhof.ch\/it\/wp-json\/wp\/v2\/pages"}],"about":[{"href":"https:\/\/walliserhof.ch\/it\/wp-json\/wp\/v2\/types\/page"}],"author":[{"embeddable":true,"href":"https:\/\/walliserhof.ch\/it\/wp-json\/wp\/v2\/users\/1"}],"replies":[{"embeddable":true,"href":"https:\/\/walliserhof.ch\/it\/wp-json\/wp\/v2\/comments?post=23231"}],"version-history":[{"count":0,"href":"https:\/\/walliserhof.ch\/it\/wp-json\/wp\/v2\/pages\/23231\/revisions"}],"wp:attachment":[{"href":"https:\/\/walliserhof.ch\/it\/wp-json\/wp\/v2\/media?parent=23231"}],"curies":[{"name":"wp","href":"https:\/\/api.w.org\/{rel}","templated":true}]}}