{"id":23209,"date":"2021-05-28T14:13:21","date_gmt":"2021-05-28T12:13:21","guid":{"rendered":"https:\/\/walliserhof.mls-test.ch\/impronta\/"},"modified":"2024-09-24T14:54:11","modified_gmt":"2024-09-24T12:54:11","slug":"impronta","status":"publish","type":"page","link":"https:\/\/walliserhof.ch\/it\/impronta\/","title":{"rendered":"Impronta"},"content":{"rendered":"<p>[et_pb_section fb_built=&#8221;1&#8243; custom_padding_last_edited=&#8221;on|desktop&#8221; _builder_version=&#8221;4.17.4&#8243; use_background_color_gradient=&#8221;on&#8221; background_color_gradient_stops=&#8221;rgba(80,84,86,0.4) 0%|rgba(80,84,86,0.4) 100%&#8221; background_color_gradient_overlays_image=&#8221;on&#8221; background_color_gradient_start=&#8221;rgba(80,84,86,0.4)&#8221; background_color_gradient_end=&#8221;rgba(80,84,86,0.4)&#8221; background_image=&#8221;https:\/\/walliserhof.ch\/wp-content\/uploads\/hotel.avif&#8221; custom_margin=&#8221;||||false|false&#8221; custom_margin_tablet=&#8221;|3vh||3vh|false|true&#8221; custom_margin_phone=&#8221;|2vh||2vh|false|true&#8221; custom_margin_last_edited=&#8221;off|desktop&#8221; custom_padding=&#8221;240px|0px|240px|0px|true|false&#8221; custom_padding_tablet=&#8221;200px||200px||true|false&#8221; custom_padding_phone=&#8221;160px||160px||true|false&#8221; animation_style=&#8221;zoom&#8221; animation_delay=&#8221;500ms&#8221; global_colors_info=&#8221;{}&#8221;][et_pb_row _builder_version=&#8221;4.17.4&#8243; _module_preset=&#8221;default&#8221; height=&#8221;100%&#8221; custom_padding=&#8221;0px||0px|||&#8221; global_colors_info=&#8221;{}&#8221;][et_pb_column type=&#8221;4_4&#8243; _builder_version=&#8221;4.17.4&#8243; _module_preset=&#8221;default&#8221; global_colors_info=&#8221;{}&#8221;][et_pb_text _builder_version=&#8221;4.17.4&#8243; _module_preset=&#8221;default&#8221; header_font=&#8221;|700||on|||||&#8221; header_text_align=&#8221;center&#8221; header_text_color=&#8221;#FFFFFF&#8221; header_font_size=&#8221;60px&#8221; custom_margin=&#8221;0px||0px||false|false&#8221; custom_padding=&#8221;0px||0px||false|false&#8221; header_text_align_tablet=&#8221;center&#8221; header_text_align_phone=&#8221;left&#8221; header_text_align_last_edited=&#8221;on|phone&#8221; header_font_size_tablet=&#8221;46px&#8221; header_font_size_phone=&#8221;22px&#8221; header_font_size_last_edited=&#8221;on|desktop&#8221; header_text_shadow_style=&#8221;preset1&#8243; header_text_shadow_vertical_length=&#8221;1px&#8221; header_text_shadow_blur_strength=&#8221;3px&#8221; header_text_shadow_color=&#8221;rgba(0,0,0,0.3)&#8221; global_colors_info=&#8221;{}&#8221;]<\/p>\n<h1>Impronta<\/h1>\n<p>[\/et_pb_text][\/et_pb_column][\/et_pb_row][\/et_pb_section][et_pb_section fb_built=&#8221;1&#8243; custom_padding_last_edited=&#8221;on|phone&#8221; _builder_version=&#8221;4.17.4&#8243; custom_margin=&#8221;|4vh||4vh|false|false&#8221; custom_margin_tablet=&#8221;|3vh||3vh|false|true&#8221; custom_margin_phone=&#8221;|2vh||2vh|false|true&#8221; custom_margin_last_edited=&#8221;on|phone&#8221; custom_padding=&#8221;140px|0px|0px|0px|false|false&#8221; custom_padding_tablet=&#8221;100px||0px||false|false&#8221; custom_padding_phone=&#8221;60px||0px||false|false&#8221; global_colors_info=&#8221;{}&#8221;][et_pb_row _builder_version=&#8221;4.17.4&#8243; _module_preset=&#8221;default&#8221; custom_margin=&#8221;0px||0px||false|false&#8221; custom_padding=&#8221;0px||0px||false|false&#8221; animation_style=&#8221;zoom&#8221; global_colors_info=&#8221;{}&#8221;][et_pb_column type=&#8221;4_4&#8243; _builder_version=&#8221;4.17.4&#8243; _module_preset=&#8221;default&#8221; global_colors_info=&#8221;{}&#8221;][et_pb_text _builder_version=&#8221;4.27.0&#8243; _module_preset=&#8221;default&#8221; text_font=&#8221;|300|||||||&#8221; text_font_size=&#8221;18px&#8221; header_3_font=&#8221;|700||on|||||&#8221; header_3_text_align=&#8221;left&#8221; header_3_text_color=&#8221;#0080C9&#8243; header_3_font_size=&#8221;36px&#8221; hover_enabled=&#8221;0&#8243; text_font_size_tablet=&#8221;17px&#8221; text_font_size_phone=&#8221;16px&#8221; text_font_size_last_edited=&#8221;on|phone&#8221; header_3_font_size_tablet=&#8221;28px&#8221; header_3_font_size_phone=&#8221;20px&#8221; header_3_font_size_last_edited=&#8221;on|desktop&#8221; global_colors_info=&#8221;{}&#8221; sticky_enabled=&#8221;0&#8243;]<\/p>\n<h3>Indirizzo di contatto<\/h3>\n<p>Hotel Walliserhof<br \/>Thermenstrasse 70<br \/>CH-3954 Leukerbad<\/p>\n<p>E-Mail: <a href=\"mailto:info@walliserhof.ch\">info@walliserhof.ch<\/a><br \/>Telefono: <a href=\"tel:+41274727960\">027 472 79 60<\/a><\/p>\n<p>&nbsp;<\/p>\n<h3>Disclaimer<\/h3>\n<p>L\u2019autore non si assume alcuna responsabilit\u00e0 per quanto riguarda la correttezza, la precisione, l\u2019attualit\u00e0, l\u2019affidabilit\u00e0 e la completezza delle informazioni.<\/p>\n<p>I reclami di responsabilit\u00e0 per danni causati dall\u2019uso di qualsiasi informazione fornita, incluso qualsiasi tipo di informazione incompleta o errata, saranno quindi respinti.<\/p>\n<p>Tutte le offerte non sono vincolanti. L\u2019autore si riserva espressamente il diritto di cambiare, completare o cancellare parti delle pagine o l\u2019intera offerta senza annuncio separato o di interrompere la pubblicazione temporaneamente o permanentemente.<\/p>\n<p>&nbsp;<\/p>\n<h3>Responsabilit\u00e0 per i link<\/h3>\n<p>I riferimenti e i link a siti web di terzi sono al di fuori della nostra area di responsabilit\u00e0 e decliniamo ogni responsabilit\u00e0 per tali siti. L\u2019accesso e l\u2019uso di tali siti web \u00e8 a rischio e pericolo dell\u2019utente.<\/p>\n<p>&nbsp;<\/p>\n<h3>Copyright<\/h3>\n<p>I diritti d\u2019autore e tutti gli altri diritti sui contenuti, le immagini, le foto o altri file presenti sul sito web appartengono esclusivamente all&#8217;hotel Walliserhof o ai titolari dei diritti specificatamente nominati. Per la riproduzione di qualsiasi elemento, il consenso scritto dei titolari dei diritti d\u2019autore deve essere ottenuto in anticipo.<\/p>\n<p>[\/et_pb_text][\/et_pb_column][\/et_pb_row][\/et_pb_section]<\/p>\n","protected":false},"excerpt":{"rendered":"<p>ImprontaIndirizzo di contatto Hotel WalliserhofThermenstrasse 70CH-3954 Leukerbad E-Mail: info@walliserhof.chTelefono: 027 472 79 60 &nbsp; Disclaimer L\u2019autore non si assume alcuna responsabilit\u00e0 per quanto riguarda la correttezza, la precisione, l\u2019attualit\u00e0, l\u2019affidabilit\u00e0 e la completezza delle informazioni. I reclami di responsabilit\u00e0 per danni causati dall\u2019uso di qualsiasi informazione fornita, incluso qualsiasi tipo di informazione incompleta o errata, saranno quindi respinti. Tutte le offerte non sono vincolanti. L\u2019autore si riserva espressamente il diritto di cambiare, completare o cancellare parti delle pagine o l\u2019intera offerta senza annuncio separato o di interrompere la pubblicazione temporaneamente o permanentemente. &nbsp; Responsabilit\u00e0 per i link I riferimenti e i link a siti web di terzi sono al di fuori della nostra area di responsabilit\u00e0 e decliniamo ogni responsabilit\u00e0 per tali siti. L\u2019accesso e l\u2019uso di tali siti web \u00e8 a rischio e pericolo dell\u2019utente. &nbsp; Copyright I diritti d\u2019autore e tutti gli altri diritti sui contenuti, le immagini, le foto o altri file presenti sul sito web appartengono esclusivamente all&#8217;hotel Walliserhof o ai titolari dei diritti specificatamente nominati. Per la riproduzione di qualsiasi elemento, il consenso scritto dei titolari dei diritti d\u2019autore deve essere ottenuto in anticipo.<\/p>\n","protected":false},"author":1,"featured_media":0,"parent":0,"menu_order":0,"comment_status":"closed","ping_status":"closed","template":"","meta":{"_et_pb_use_builder":"on","_et_pb_old_content":"","_et_gb_content_width":"","footnotes":""},"class_list":["post-23209","page","type-page","status-publish","hentry"],"yoast_head":"<!-- This site is optimized with the Yoast SEO plugin v26.8 - https:\/\/yoast.com\/product\/yoast-seo-wordpress\/ -->\n<title>Impronta - Hotel Walliserhof Leukerbad<\/title>\n<meta name=\"robots\" content=\"index, follow, max-snippet:-1, max-image-preview:large, max-video-preview:-1\" \/>\n<link rel=\"canonical\" href=\"https:\/\/walliserhof.ch\/it\/impronta\/\" \/>\n<meta property=\"og:locale\" content=\"it_IT\" \/>\n<meta property=\"og:type\" content=\"article\" \/>\n<meta property=\"og:title\" content=\"Impronta - Hotel Walliserhof Leukerbad\" \/>\n<meta property=\"og:description\" content=\"ImprontaIndirizzo di contatto Hotel WalliserhofThermenstrasse 70CH-3954 Leukerbad E-Mail: info@walliserhof.chTelefono: 027 472 79 60 &nbsp; Disclaimer L\u2019autore non si assume alcuna responsabilit\u00e0 per quanto riguarda la correttezza, la precisione, l\u2019attualit\u00e0, l\u2019affidabilit\u00e0 e la completezza delle informazioni. I reclami di responsabilit\u00e0 per danni causati dall\u2019uso di qualsiasi informazione fornita, incluso qualsiasi tipo di informazione incompleta o errata, saranno quindi respinti. Tutte le offerte non sono vincolanti. L\u2019autore si riserva espressamente il diritto di cambiare, completare o cancellare parti delle pagine o l\u2019intera offerta senza annuncio separato o di interrompere la pubblicazione temporaneamente o permanentemente. &nbsp; Responsabilit\u00e0 per i link I riferimenti e i link a siti web di terzi sono al di fuori della nostra area di responsabilit\u00e0 e decliniamo ogni responsabilit\u00e0 per tali siti. L\u2019accesso e l\u2019uso di tali siti web \u00e8 a rischio e pericolo dell\u2019utente. &nbsp; Copyright I diritti d\u2019autore e tutti gli altri diritti sui contenuti, le immagini, le foto o altri file presenti sul sito web appartengono esclusivamente all&#039;hotel Walliserhof o ai titolari dei diritti specificatamente nominati. Per la riproduzione di qualsiasi elemento, il consenso scritto dei titolari dei diritti d\u2019autore deve essere ottenuto in anticipo.\" \/>\n<meta property=\"og:url\" content=\"https:\/\/walliserhof.ch\/it\/impronta\/\" \/>\n<meta property=\"og:site_name\" content=\"Hotel Walliserhof Leukerbad\" \/>\n<meta property=\"article:modified_time\" content=\"2024-09-24T12:54:11+00:00\" \/>\n<meta name=\"twitter:card\" content=\"summary_large_image\" \/>\n<meta name=\"twitter:label1\" content=\"Tempo di lettura stimato\" \/>\n\t<meta name=\"twitter:data1\" content=\"2 minuti\" \/>\n<script type=\"application\/ld+json\" class=\"yoast-schema-graph\">{\"@context\":\"https:\/\/schema.org\",\"@graph\":[{\"@type\":\"WebPage\",\"@id\":\"https:\/\/walliserhof.ch\/it\/impronta\/\",\"url\":\"https:\/\/walliserhof.ch\/it\/impronta\/\",\"name\":\"Impronta - Hotel Walliserhof Leukerbad\",\"isPartOf\":{\"@id\":\"https:\/\/walliserhof.ch\/#website\"},\"datePublished\":\"2021-05-28T12:13:21+00:00\",\"dateModified\":\"2024-09-24T12:54:11+00:00\",\"breadcrumb\":{\"@id\":\"https:\/\/walliserhof.ch\/it\/impronta\/#breadcrumb\"},\"inLanguage\":\"it-IT\",\"potentialAction\":[{\"@type\":\"ReadAction\",\"target\":[\"https:\/\/walliserhof.ch\/it\/impronta\/\"]}]},{\"@type\":\"BreadcrumbList\",\"@id\":\"https:\/\/walliserhof.ch\/it\/impronta\/#breadcrumb\",\"itemListElement\":[{\"@type\":\"ListItem\",\"position\":1,\"name\":\"Startseite\",\"item\":\"https:\/\/walliserhof.ch\/it\/\"},{\"@type\":\"ListItem\",\"position\":2,\"name\":\"Impronta\"}]},{\"@type\":\"WebSite\",\"@id\":\"https:\/\/walliserhof.ch\/#website\",\"url\":\"https:\/\/walliserhof.ch\/\",\"name\":\"Hotel Walliserhof Leukerbad\",\"description\":\"Zimmer mieten im Walliserhof Leukerbad\",\"publisher\":{\"@id\":\"https:\/\/walliserhof.ch\/#organization\"},\"potentialAction\":[{\"@type\":\"SearchAction\",\"target\":{\"@type\":\"EntryPoint\",\"urlTemplate\":\"https:\/\/walliserhof.ch\/?s={search_term_string}\"},\"query-input\":{\"@type\":\"PropertyValueSpecification\",\"valueRequired\":true,\"valueName\":\"search_term_string\"}}],\"inLanguage\":\"it-IT\"},{\"@type\":\"Organization\",\"@id\":\"https:\/\/walliserhof.ch\/#organization\",\"name\":\"Hotel Walliserhof Leukerbad\",\"url\":\"https:\/\/walliserhof.ch\/\",\"logo\":{\"@type\":\"ImageObject\",\"inLanguage\":\"it-IT\",\"@id\":\"https:\/\/walliserhof.ch\/#\/schema\/logo\/image\/\",\"url\":\"https:\/\/walliserhof.ch\/wp-content\/uploads\/logo.png\",\"contentUrl\":\"https:\/\/walliserhof.ch\/wp-content\/uploads\/logo.png\",\"width\":1836,\"height\":1228,\"caption\":\"Hotel Walliserhof Leukerbad\"},\"image\":{\"@id\":\"https:\/\/walliserhof.ch\/#\/schema\/logo\/image\/\"}}]}<\/script>\n<!-- \/ Yoast SEO plugin. -->","yoast_head_json":{"title":"Impronta - Hotel Walliserhof Leukerbad","robots":{"index":"index","follow":"follow","max-snippet":"max-snippet:-1","max-image-preview":"max-image-preview:large","max-video-preview":"max-video-preview:-1"},"canonical":"https:\/\/walliserhof.ch\/it\/impronta\/","og_locale":"it_IT","og_type":"article","og_title":"Impronta - Hotel Walliserhof Leukerbad","og_description":"ImprontaIndirizzo di contatto Hotel WalliserhofThermenstrasse 70CH-3954 Leukerbad E-Mail: info@walliserhof.chTelefono: 027 472 79 60 &nbsp; Disclaimer L\u2019autore non si assume alcuna responsabilit\u00e0 per quanto riguarda la correttezza, la precisione, l\u2019attualit\u00e0, l\u2019affidabilit\u00e0 e la completezza delle informazioni. I reclami di responsabilit\u00e0 per danni causati dall\u2019uso di qualsiasi informazione fornita, incluso qualsiasi tipo di informazione incompleta o errata, saranno quindi respinti. Tutte le offerte non sono vincolanti. L\u2019autore si riserva espressamente il diritto di cambiare, completare o cancellare parti delle pagine o l\u2019intera offerta senza annuncio separato o di interrompere la pubblicazione temporaneamente o permanentemente. &nbsp; Responsabilit\u00e0 per i link I riferimenti e i link a siti web di terzi sono al di fuori della nostra area di responsabilit\u00e0 e decliniamo ogni responsabilit\u00e0 per tali siti. L\u2019accesso e l\u2019uso di tali siti web \u00e8 a rischio e pericolo dell\u2019utente. &nbsp; Copyright I diritti d\u2019autore e tutti gli altri diritti sui contenuti, le immagini, le foto o altri file presenti sul sito web appartengono esclusivamente all'hotel Walliserhof o ai titolari dei diritti specificatamente nominati. Per la riproduzione di qualsiasi elemento, il consenso scritto dei titolari dei diritti d\u2019autore deve essere ottenuto in anticipo.","og_url":"https:\/\/walliserhof.ch\/it\/impronta\/","og_site_name":"Hotel Walliserhof Leukerbad","article_modified_time":"2024-09-24T12:54:11+00:00","twitter_card":"summary_large_image","twitter_misc":{"Tempo di lettura stimato":"2 minuti"},"schema":{"@context":"https:\/\/schema.org","@graph":[{"@type":"WebPage","@id":"https:\/\/walliserhof.ch\/it\/impronta\/","url":"https:\/\/walliserhof.ch\/it\/impronta\/","name":"Impronta - Hotel Walliserhof Leukerbad","isPartOf":{"@id":"https:\/\/walliserhof.ch\/#website"},"datePublished":"2021-05-28T12:13:21+00:00","dateModified":"2024-09-24T12:54:11+00:00","breadcrumb":{"@id":"https:\/\/walliserhof.ch\/it\/impronta\/#breadcrumb"},"inLanguage":"it-IT","potentialAction":[{"@type":"ReadAction","target":["https:\/\/walliserhof.ch\/it\/impronta\/"]}]},{"@type":"BreadcrumbList","@id":"https:\/\/walliserhof.ch\/it\/impronta\/#breadcrumb","itemListElement":[{"@type":"ListItem","position":1,"name":"Startseite","item":"https:\/\/walliserhof.ch\/it\/"},{"@type":"ListItem","position":2,"name":"Impronta"}]},{"@type":"WebSite","@id":"https:\/\/walliserhof.ch\/#website","url":"https:\/\/walliserhof.ch\/","name":"Hotel Walliserhof Leukerbad","description":"Zimmer mieten im Walliserhof Leukerbad","publisher":{"@id":"https:\/\/walliserhof.ch\/#organization"},"potentialAction":[{"@type":"SearchAction","target":{"@type":"EntryPoint","urlTemplate":"https:\/\/walliserhof.ch\/?s={search_term_string}"},"query-input":{"@type":"PropertyValueSpecification","valueRequired":true,"valueName":"search_term_string"}}],"inLanguage":"it-IT"},{"@type":"Organization","@id":"https:\/\/walliserhof.ch\/#organization","name":"Hotel Walliserhof Leukerbad","url":"https:\/\/walliserhof.ch\/","logo":{"@type":"ImageObject","inLanguage":"it-IT","@id":"https:\/\/walliserhof.ch\/#\/schema\/logo\/image\/","url":"https:\/\/walliserhof.ch\/wp-content\/uploads\/logo.png","contentUrl":"https:\/\/walliserhof.ch\/wp-content\/uploads\/logo.png","width":1836,"height":1228,"caption":"Hotel Walliserhof Leukerbad"},"image":{"@id":"https:\/\/walliserhof.ch\/#\/schema\/logo\/image\/"}}]}},"_links":{"self":[{"href":"https:\/\/walliserhof.ch\/it\/wp-json\/wp\/v2\/pages\/23209","targetHints":{"allow":["GET"]}}],"collection":[{"href":"https:\/\/walliserhof.ch\/it\/wp-json\/wp\/v2\/pages"}],"about":[{"href":"https:\/\/walliserhof.ch\/it\/wp-json\/wp\/v2\/types\/page"}],"author":[{"embeddable":true,"href":"https:\/\/walliserhof.ch\/it\/wp-json\/wp\/v2\/users\/1"}],"replies":[{"embeddable":true,"href":"https:\/\/walliserhof.ch\/it\/wp-json\/wp\/v2\/comments?post=23209"}],"version-history":[{"count":0,"href":"https:\/\/walliserhof.ch\/it\/wp-json\/wp\/v2\/pages\/23209\/revisions"}],"wp:attachment":[{"href":"https:\/\/walliserhof.ch\/it\/wp-json\/wp\/v2\/media?parent=23209"}],"curies":[{"name":"wp","href":"https:\/\/api.w.org\/{rel}","templated":true}]}}