{"id":23203,"date":"2021-05-28T14:13:21","date_gmt":"2021-05-28T12:13:21","guid":{"rendered":"https:\/\/walliserhof.mls-test.ch\/mentions-legales\/"},"modified":"2024-09-24T14:53:11","modified_gmt":"2024-09-24T12:53:11","slug":"mentions-legales","status":"publish","type":"page","link":"https:\/\/walliserhof.ch\/fr\/mentions-legales\/","title":{"rendered":"Mentions l\u00e9gales"},"content":{"rendered":"<p>[et_pb_section fb_built=\u00a0\u00bb1&Prime; custom_padding_last_edited=\u00a0\u00bbon|desktop\u00a0\u00bb _builder_version=\u00a0\u00bb4.17.4&Prime; use_background_color_gradient=\u00a0\u00bbon\u00a0\u00bb background_color_gradient_stops=\u00a0\u00bbrgba(80,84,86,0.4) 0%|rgba(80,84,86,0.4) 100%\u00a0\u00bb background_color_gradient_overlays_image=\u00a0\u00bbon\u00a0\u00bb background_color_gradient_start=\u00a0\u00bbrgba(80,84,86,0.4)\u00a0\u00bb background_color_gradient_end=\u00a0\u00bbrgba(80,84,86,0.4)\u00a0\u00bb background_image=\u00a0\u00bbhttps:\/\/walliserhof.ch\/wp-content\/uploads\/hotel.avif\u00a0\u00bb custom_margin=\u00a0\u00bb||||false|false\u00a0\u00bb custom_margin_tablet=\u00a0\u00bb|3vh||3vh|false|true\u00a0\u00bb custom_margin_phone=\u00a0\u00bb|2vh||2vh|false|true\u00a0\u00bb custom_margin_last_edited=\u00a0\u00bboff|desktop\u00a0\u00bb custom_padding=\u00a0\u00bb240px|0px|240px|0px|true|false\u00a0\u00bb custom_padding_tablet=\u00a0\u00bb200px||200px||true|false\u00a0\u00bb custom_padding_phone=\u00a0\u00bb160px||160px||true|false\u00a0\u00bb animation_style=\u00a0\u00bbzoom\u00a0\u00bb animation_delay=\u00a0\u00bb500ms\u00a0\u00bb global_colors_info=\u00a0\u00bb{}\u00a0\u00bb][et_pb_row _builder_version=\u00a0\u00bb4.17.4&Prime; _module_preset=\u00a0\u00bbdefault\u00a0\u00bb height=\u00a0\u00bb100%\u00a0\u00bb custom_padding=\u00a0\u00bb0px||0px|||\u00a0\u00bb global_colors_info=\u00a0\u00bb{}\u00a0\u00bb][et_pb_column type=\u00a0\u00bb4_4&Prime; _builder_version=\u00a0\u00bb4.17.4&Prime; _module_preset=\u00a0\u00bbdefault\u00a0\u00bb global_colors_info=\u00a0\u00bb{}\u00a0\u00bb][et_pb_text _builder_version=\u00a0\u00bb4.17.4&Prime; _module_preset=\u00a0\u00bbdefault\u00a0\u00bb header_font=\u00a0\u00bb|700||on|||||\u00a0\u00bb header_text_align=\u00a0\u00bbcenter\u00a0\u00bb header_text_color=\u00a0\u00bb#FFFFFF\u00a0\u00bb header_font_size=\u00a0\u00bb60px\u00a0\u00bb custom_margin=\u00a0\u00bb0px||0px||false|false\u00a0\u00bb custom_padding=\u00a0\u00bb0px||0px||false|false\u00a0\u00bb header_text_align_tablet=\u00a0\u00bbcenter\u00a0\u00bb header_text_align_phone=\u00a0\u00bbleft\u00a0\u00bb header_text_align_last_edited=\u00a0\u00bbon|phone\u00a0\u00bb header_font_size_tablet=\u00a0\u00bb46px\u00a0\u00bb header_font_size_phone=\u00a0\u00bb22px\u00a0\u00bb header_font_size_last_edited=\u00a0\u00bbon|desktop\u00a0\u00bb header_text_shadow_style=\u00a0\u00bbpreset1&Prime; header_text_shadow_vertical_length=\u00a0\u00bb1px\u00a0\u00bb header_text_shadow_blur_strength=\u00a0\u00bb3px\u00a0\u00bb header_text_shadow_color=\u00a0\u00bbrgba(0,0,0,0.3)\u00a0\u00bb global_colors_info=\u00a0\u00bb{}\u00a0\u00bb]<\/p>\n<h1>Mentions l\u00e9gales<\/h1>\n<p>[\/et_pb_text][\/et_pb_column][\/et_pb_row][\/et_pb_section][et_pb_section fb_built=\u00a0\u00bb1&Prime; custom_padding_last_edited=\u00a0\u00bbon|phone\u00a0\u00bb _builder_version=\u00a0\u00bb4.17.4&Prime; custom_margin=\u00a0\u00bb|4vh||4vh|false|false\u00a0\u00bb custom_margin_tablet=\u00a0\u00bb|3vh||3vh|false|true\u00a0\u00bb custom_margin_phone=\u00a0\u00bb|2vh||2vh|false|true\u00a0\u00bb custom_margin_last_edited=\u00a0\u00bbon|phone\u00a0\u00bb custom_padding=\u00a0\u00bb140px|0px|0px|0px|false|false\u00a0\u00bb custom_padding_tablet=\u00a0\u00bb100px||0px||false|false\u00a0\u00bb custom_padding_phone=\u00a0\u00bb60px||0px||false|false\u00a0\u00bb global_colors_info=\u00a0\u00bb{}\u00a0\u00bb][et_pb_row _builder_version=\u00a0\u00bb4.17.4&Prime; _module_preset=\u00a0\u00bbdefault\u00a0\u00bb custom_margin=\u00a0\u00bb0px||0px||false|false\u00a0\u00bb custom_padding=\u00a0\u00bb0px||0px||false|false\u00a0\u00bb animation_style=\u00a0\u00bbzoom\u00a0\u00bb global_colors_info=\u00a0\u00bb{}\u00a0\u00bb][et_pb_column type=\u00a0\u00bb4_4&Prime; _builder_version=\u00a0\u00bb4.17.4&Prime; _module_preset=\u00a0\u00bbdefault\u00a0\u00bb global_colors_info=\u00a0\u00bb{}\u00a0\u00bb][et_pb_text _builder_version=\u00a0\u00bb4.27.0&Prime; _module_preset=\u00a0\u00bbdefault\u00a0\u00bb text_font=\u00a0\u00bb|300|||||||\u00a0\u00bb text_font_size=\u00a0\u00bb18px\u00a0\u00bb header_3_font=\u00a0\u00bb|700||on|||||\u00a0\u00bb header_3_text_align=\u00a0\u00bbleft\u00a0\u00bb header_3_text_color=\u00a0\u00bb#0080C9&Prime; header_3_font_size=\u00a0\u00bb36px\u00a0\u00bb hover_enabled=\u00a0\u00bb0&Prime; text_font_size_tablet=\u00a0\u00bb17px\u00a0\u00bb text_font_size_phone=\u00a0\u00bb16px\u00a0\u00bb text_font_size_last_edited=\u00a0\u00bbon|phone\u00a0\u00bb header_3_font_size_tablet=\u00a0\u00bb28px\u00a0\u00bb header_3_font_size_phone=\u00a0\u00bb20px\u00a0\u00bb header_3_font_size_last_edited=\u00a0\u00bbon|desktop\u00a0\u00bb global_colors_info=\u00a0\u00bb{}\u00a0\u00bb sticky_enabled=\u00a0\u00bb0&Prime;]<\/p>\n<h3>Adresse de contact<\/h3>\n<p>Hotel Walliserhof<br \/>Thermenstrasse 70<br \/>CH-3954 Leukerbad<\/p>\n<p>E-Mail: <a href=\"mailto:info@walliserhof.ch\">info@walliserhof.ch<\/a><br \/>Telefon: <a href=\"tel:+41274727960\">027 472 79 60<\/a><\/p>\n<p>&nbsp;<\/p>\n<h3>Clause de non-responsabilit\u00e9<\/h3>\n<p>L\u2019auteur n\u2019assume aucune responsabilit\u00e9 quant \u00e0 l\u2019exactitude, la pr\u00e9cision, l\u2019actualit\u00e9, la fiabilit\u00e9 et l\u2019exhaustivit\u00e9 des informations.<\/p>\n<p>Les r\u00e9clamations en responsabilit\u00e9 concernant les dommages caus\u00e9s par l\u2019utilisation de toute information fournie, y compris tout type d\u2019information incompl\u00e8te ou incorrecte, seront donc rejet\u00e9es.<\/p>\n<p>Toutes les offres sont sans engagement. L\u2019auteur se r\u00e9serve express\u00e9ment le droit de modifier, de compl\u00e9ter ou de supprimer des parties des pages ou l\u2019ensemble de l\u2019offre sans avis pr\u00e9alable ou de cesser la publication temporairement ou d\u00e9finitivement.<\/p>\n<p>&nbsp;<\/p>\n<h3>Responsabilit\u00e9 des liens<\/h3>\n<p>Les r\u00e9f\u00e9rences et les liens vers des sites web tiers ne rel\u00e8vent pas de notre domaine de responsabilit\u00e9. Nous d\u00e9clinons toute responsabilit\u00e9 pour ces sites web. L\u2019acc\u00e8s et l\u2019utilisation de ces sites web se font aux risques et p\u00e9rils de l\u2019utilisateur.<\/p>\n<p>&nbsp;<\/p>\n<h3>Copyright<\/h3>\n<p>Les droits d\u2019auteur et tous les autres droits sur le contenu, les images, les photos ou autres fichiers du site web appartiennent exclusivement \u00e0 la soci\u00e9t\u00e9 mylokalesuche AG ou aux d\u00e9tenteurs de droits sp\u00e9cifiquement nomm\u00e9s. Le consentement \u00e9crit des d\u00e9tenteurs de droits d\u2019auteur doit \u00eatre obtenu au pr\u00e9alable pour la reproduction de tout \u00e9l\u00e9ment.<\/p>\n<p>[\/et_pb_text][\/et_pb_column][\/et_pb_row][\/et_pb_section]<\/p>\n","protected":false},"excerpt":{"rendered":"<p>Mentions l\u00e9galesAdresse de contact Hotel WalliserhofThermenstrasse 70CH-3954 Leukerbad E-Mail: info@walliserhof.chTelefon: 027 472 79 60 &nbsp; Clause de non-responsabilit\u00e9 L\u2019auteur n\u2019assume aucune responsabilit\u00e9 quant \u00e0 l\u2019exactitude, la pr\u00e9cision, l\u2019actualit\u00e9, la fiabilit\u00e9 et l\u2019exhaustivit\u00e9 des informations. Les r\u00e9clamations en responsabilit\u00e9 concernant les dommages caus\u00e9s par l\u2019utilisation de toute information fournie, y compris tout type d\u2019information incompl\u00e8te ou incorrecte, seront donc rejet\u00e9es. Toutes les offres sont sans engagement. L\u2019auteur se r\u00e9serve express\u00e9ment le droit de modifier, de compl\u00e9ter ou de supprimer des parties des pages ou l\u2019ensemble de l\u2019offre sans avis pr\u00e9alable ou de cesser la publication temporairement ou d\u00e9finitivement. &nbsp; Responsabilit\u00e9 des liens Les r\u00e9f\u00e9rences et les liens vers des sites web tiers ne rel\u00e8vent pas de notre domaine de responsabilit\u00e9. Nous d\u00e9clinons toute responsabilit\u00e9 pour ces sites web. L\u2019acc\u00e8s et l\u2019utilisation de ces sites web se font aux risques et p\u00e9rils de l\u2019utilisateur. &nbsp; Copyright Les droits d\u2019auteur et tous les autres droits sur le contenu, les images, les photos ou autres fichiers du site web appartiennent exclusivement \u00e0 la soci\u00e9t\u00e9 mylokalesuche AG ou aux d\u00e9tenteurs de droits sp\u00e9cifiquement nomm\u00e9s. Le consentement \u00e9crit des d\u00e9tenteurs de droits d\u2019auteur doit \u00eatre obtenu au pr\u00e9alable pour la reproduction de tout \u00e9l\u00e9ment.<\/p>\n","protected":false},"author":1,"featured_media":0,"parent":0,"menu_order":0,"comment_status":"closed","ping_status":"closed","template":"","meta":{"_et_pb_use_builder":"on","_et_pb_old_content":"","_et_gb_content_width":"","footnotes":""},"class_list":["post-23203","page","type-page","status-publish","hentry"],"yoast_head":"<!-- This site is optimized with the Yoast SEO plugin v26.8 - https:\/\/yoast.com\/product\/yoast-seo-wordpress\/ -->\n<title>Mentions l\u00e9gales - Hotel Walliserhof Leukerbad<\/title>\n<meta name=\"robots\" content=\"index, follow, max-snippet:-1, max-image-preview:large, max-video-preview:-1\" \/>\n<link rel=\"canonical\" href=\"https:\/\/walliserhof.ch\/fr\/mentions-legales\/\" \/>\n<meta property=\"og:locale\" content=\"fr_FR\" \/>\n<meta property=\"og:type\" content=\"article\" \/>\n<meta property=\"og:title\" content=\"Mentions l\u00e9gales - Hotel Walliserhof Leukerbad\" \/>\n<meta property=\"og:description\" content=\"Mentions l\u00e9galesAdresse de contact Hotel WalliserhofThermenstrasse 70CH-3954 Leukerbad E-Mail: info@walliserhof.chTelefon: 027 472 79 60 &nbsp; Clause de non-responsabilit\u00e9 L\u2019auteur n\u2019assume aucune responsabilit\u00e9 quant \u00e0 l\u2019exactitude, la pr\u00e9cision, l\u2019actualit\u00e9, la fiabilit\u00e9 et l\u2019exhaustivit\u00e9 des informations. Les r\u00e9clamations en responsabilit\u00e9 concernant les dommages caus\u00e9s par l\u2019utilisation de toute information fournie, y compris tout type d\u2019information incompl\u00e8te ou incorrecte, seront donc rejet\u00e9es. Toutes les offres sont sans engagement. L\u2019auteur se r\u00e9serve express\u00e9ment le droit de modifier, de compl\u00e9ter ou de supprimer des parties des pages ou l\u2019ensemble de l\u2019offre sans avis pr\u00e9alable ou de cesser la publication temporairement ou d\u00e9finitivement. &nbsp; Responsabilit\u00e9 des liens Les r\u00e9f\u00e9rences et les liens vers des sites web tiers ne rel\u00e8vent pas de notre domaine de responsabilit\u00e9. Nous d\u00e9clinons toute responsabilit\u00e9 pour ces sites web. L\u2019acc\u00e8s et l\u2019utilisation de ces sites web se font aux risques et p\u00e9rils de l\u2019utilisateur. &nbsp; Copyright Les droits d\u2019auteur et tous les autres droits sur le contenu, les images, les photos ou autres fichiers du site web appartiennent exclusivement \u00e0 la soci\u00e9t\u00e9 mylokalesuche AG ou aux d\u00e9tenteurs de droits sp\u00e9cifiquement nomm\u00e9s. Le consentement \u00e9crit des d\u00e9tenteurs de droits d\u2019auteur doit \u00eatre obtenu au pr\u00e9alable pour la reproduction de tout \u00e9l\u00e9ment.\" \/>\n<meta property=\"og:url\" content=\"https:\/\/walliserhof.ch\/fr\/mentions-legales\/\" \/>\n<meta property=\"og:site_name\" content=\"Hotel Walliserhof Leukerbad\" \/>\n<meta property=\"article:modified_time\" content=\"2024-09-24T12:53:11+00:00\" \/>\n<meta name=\"twitter:card\" content=\"summary_large_image\" \/>\n<meta name=\"twitter:label1\" content=\"Dur\u00e9e de lecture estim\u00e9e\" \/>\n\t<meta name=\"twitter:data1\" content=\"2 minutes\" \/>\n<script type=\"application\/ld+json\" class=\"yoast-schema-graph\">{\"@context\":\"https:\/\/schema.org\",\"@graph\":[{\"@type\":\"WebPage\",\"@id\":\"https:\/\/walliserhof.ch\/fr\/mentions-legales\/\",\"url\":\"https:\/\/walliserhof.ch\/fr\/mentions-legales\/\",\"name\":\"Mentions l\u00e9gales - Hotel Walliserhof Leukerbad\",\"isPartOf\":{\"@id\":\"https:\/\/walliserhof.ch\/#website\"},\"datePublished\":\"2021-05-28T12:13:21+00:00\",\"dateModified\":\"2024-09-24T12:53:11+00:00\",\"breadcrumb\":{\"@id\":\"https:\/\/walliserhof.ch\/fr\/mentions-legales\/#breadcrumb\"},\"inLanguage\":\"fr-FR\",\"potentialAction\":[{\"@type\":\"ReadAction\",\"target\":[\"https:\/\/walliserhof.ch\/fr\/mentions-legales\/\"]}]},{\"@type\":\"BreadcrumbList\",\"@id\":\"https:\/\/walliserhof.ch\/fr\/mentions-legales\/#breadcrumb\",\"itemListElement\":[{\"@type\":\"ListItem\",\"position\":1,\"name\":\"Startseite\",\"item\":\"https:\/\/walliserhof.ch\/fr\/\"},{\"@type\":\"ListItem\",\"position\":2,\"name\":\"Mentions l\u00e9gales\"}]},{\"@type\":\"WebSite\",\"@id\":\"https:\/\/walliserhof.ch\/#website\",\"url\":\"https:\/\/walliserhof.ch\/\",\"name\":\"Hotel Walliserhof Leukerbad\",\"description\":\"Zimmer mieten im Walliserhof Leukerbad\",\"publisher\":{\"@id\":\"https:\/\/walliserhof.ch\/#organization\"},\"potentialAction\":[{\"@type\":\"SearchAction\",\"target\":{\"@type\":\"EntryPoint\",\"urlTemplate\":\"https:\/\/walliserhof.ch\/?s={search_term_string}\"},\"query-input\":{\"@type\":\"PropertyValueSpecification\",\"valueRequired\":true,\"valueName\":\"search_term_string\"}}],\"inLanguage\":\"fr-FR\"},{\"@type\":\"Organization\",\"@id\":\"https:\/\/walliserhof.ch\/#organization\",\"name\":\"Hotel Walliserhof Leukerbad\",\"url\":\"https:\/\/walliserhof.ch\/\",\"logo\":{\"@type\":\"ImageObject\",\"inLanguage\":\"fr-FR\",\"@id\":\"https:\/\/walliserhof.ch\/#\/schema\/logo\/image\/\",\"url\":\"https:\/\/walliserhof.ch\/wp-content\/uploads\/logo.png\",\"contentUrl\":\"https:\/\/walliserhof.ch\/wp-content\/uploads\/logo.png\",\"width\":1836,\"height\":1228,\"caption\":\"Hotel Walliserhof Leukerbad\"},\"image\":{\"@id\":\"https:\/\/walliserhof.ch\/#\/schema\/logo\/image\/\"}}]}<\/script>\n<!-- \/ Yoast SEO plugin. -->","yoast_head_json":{"title":"Mentions l\u00e9gales - Hotel Walliserhof Leukerbad","robots":{"index":"index","follow":"follow","max-snippet":"max-snippet:-1","max-image-preview":"max-image-preview:large","max-video-preview":"max-video-preview:-1"},"canonical":"https:\/\/walliserhof.ch\/fr\/mentions-legales\/","og_locale":"fr_FR","og_type":"article","og_title":"Mentions l\u00e9gales - Hotel Walliserhof Leukerbad","og_description":"Mentions l\u00e9galesAdresse de contact Hotel WalliserhofThermenstrasse 70CH-3954 Leukerbad E-Mail: info@walliserhof.chTelefon: 027 472 79 60 &nbsp; Clause de non-responsabilit\u00e9 L\u2019auteur n\u2019assume aucune responsabilit\u00e9 quant \u00e0 l\u2019exactitude, la pr\u00e9cision, l\u2019actualit\u00e9, la fiabilit\u00e9 et l\u2019exhaustivit\u00e9 des informations. Les r\u00e9clamations en responsabilit\u00e9 concernant les dommages caus\u00e9s par l\u2019utilisation de toute information fournie, y compris tout type d\u2019information incompl\u00e8te ou incorrecte, seront donc rejet\u00e9es. Toutes les offres sont sans engagement. L\u2019auteur se r\u00e9serve express\u00e9ment le droit de modifier, de compl\u00e9ter ou de supprimer des parties des pages ou l\u2019ensemble de l\u2019offre sans avis pr\u00e9alable ou de cesser la publication temporairement ou d\u00e9finitivement. &nbsp; Responsabilit\u00e9 des liens Les r\u00e9f\u00e9rences et les liens vers des sites web tiers ne rel\u00e8vent pas de notre domaine de responsabilit\u00e9. Nous d\u00e9clinons toute responsabilit\u00e9 pour ces sites web. L\u2019acc\u00e8s et l\u2019utilisation de ces sites web se font aux risques et p\u00e9rils de l\u2019utilisateur. &nbsp; Copyright Les droits d\u2019auteur et tous les autres droits sur le contenu, les images, les photos ou autres fichiers du site web appartiennent exclusivement \u00e0 la soci\u00e9t\u00e9 mylokalesuche AG ou aux d\u00e9tenteurs de droits sp\u00e9cifiquement nomm\u00e9s. Le consentement \u00e9crit des d\u00e9tenteurs de droits d\u2019auteur doit \u00eatre obtenu au pr\u00e9alable pour la reproduction de tout \u00e9l\u00e9ment.","og_url":"https:\/\/walliserhof.ch\/fr\/mentions-legales\/","og_site_name":"Hotel Walliserhof Leukerbad","article_modified_time":"2024-09-24T12:53:11+00:00","twitter_card":"summary_large_image","twitter_misc":{"Dur\u00e9e de lecture estim\u00e9e":"2 minutes"},"schema":{"@context":"https:\/\/schema.org","@graph":[{"@type":"WebPage","@id":"https:\/\/walliserhof.ch\/fr\/mentions-legales\/","url":"https:\/\/walliserhof.ch\/fr\/mentions-legales\/","name":"Mentions l\u00e9gales - Hotel Walliserhof Leukerbad","isPartOf":{"@id":"https:\/\/walliserhof.ch\/#website"},"datePublished":"2021-05-28T12:13:21+00:00","dateModified":"2024-09-24T12:53:11+00:00","breadcrumb":{"@id":"https:\/\/walliserhof.ch\/fr\/mentions-legales\/#breadcrumb"},"inLanguage":"fr-FR","potentialAction":[{"@type":"ReadAction","target":["https:\/\/walliserhof.ch\/fr\/mentions-legales\/"]}]},{"@type":"BreadcrumbList","@id":"https:\/\/walliserhof.ch\/fr\/mentions-legales\/#breadcrumb","itemListElement":[{"@type":"ListItem","position":1,"name":"Startseite","item":"https:\/\/walliserhof.ch\/fr\/"},{"@type":"ListItem","position":2,"name":"Mentions l\u00e9gales"}]},{"@type":"WebSite","@id":"https:\/\/walliserhof.ch\/#website","url":"https:\/\/walliserhof.ch\/","name":"Hotel Walliserhof Leukerbad","description":"Zimmer mieten im Walliserhof Leukerbad","publisher":{"@id":"https:\/\/walliserhof.ch\/#organization"},"potentialAction":[{"@type":"SearchAction","target":{"@type":"EntryPoint","urlTemplate":"https:\/\/walliserhof.ch\/?s={search_term_string}"},"query-input":{"@type":"PropertyValueSpecification","valueRequired":true,"valueName":"search_term_string"}}],"inLanguage":"fr-FR"},{"@type":"Organization","@id":"https:\/\/walliserhof.ch\/#organization","name":"Hotel Walliserhof Leukerbad","url":"https:\/\/walliserhof.ch\/","logo":{"@type":"ImageObject","inLanguage":"fr-FR","@id":"https:\/\/walliserhof.ch\/#\/schema\/logo\/image\/","url":"https:\/\/walliserhof.ch\/wp-content\/uploads\/logo.png","contentUrl":"https:\/\/walliserhof.ch\/wp-content\/uploads\/logo.png","width":1836,"height":1228,"caption":"Hotel Walliserhof Leukerbad"},"image":{"@id":"https:\/\/walliserhof.ch\/#\/schema\/logo\/image\/"}}]}},"_links":{"self":[{"href":"https:\/\/walliserhof.ch\/fr\/wp-json\/wp\/v2\/pages\/23203","targetHints":{"allow":["GET"]}}],"collection":[{"href":"https:\/\/walliserhof.ch\/fr\/wp-json\/wp\/v2\/pages"}],"about":[{"href":"https:\/\/walliserhof.ch\/fr\/wp-json\/wp\/v2\/types\/page"}],"author":[{"embeddable":true,"href":"https:\/\/walliserhof.ch\/fr\/wp-json\/wp\/v2\/users\/1"}],"replies":[{"embeddable":true,"href":"https:\/\/walliserhof.ch\/fr\/wp-json\/wp\/v2\/comments?post=23203"}],"version-history":[{"count":0,"href":"https:\/\/walliserhof.ch\/fr\/wp-json\/wp\/v2\/pages\/23203\/revisions"}],"wp:attachment":[{"href":"https:\/\/walliserhof.ch\/fr\/wp-json\/wp\/v2\/media?parent=23203"}],"curies":[{"name":"wp","href":"https:\/\/api.w.org\/{rel}","templated":true}]}}